{"id":286,"date":"2017-09-18T23:21:03","date_gmt":"2017-09-18T21:21:03","guid":{"rendered":"https:\/\/drpaluchowska.pl\/?page_id=286"},"modified":"2024-11-08T09:01:31","modified_gmt":"2024-11-08T08:01:31","slug":"clinical-dietetics","status":"publish","type":"page","link":"https:\/\/drpaluchowska.pl\/en\/clinical-dietetics\/","title":{"rendered":"clinical dietetics"},"content":{"rendered":"<p>It is intended for patients suffering from diseases\/conditions and complaints, which in a significant way, can be affected by the diet. These include:<\/p>\n<ul>\n<li>overweight, obesity<\/li>\n<li>Type II diabetes<\/li>\n<li>Polycystic ovary syndrome<\/li>\n<li>infertility associated with hormonal imbalance<\/li>\n<li>insulin resistance<\/li>\n<li>Thyroid disease: hyperactivity, hypothyroidism, Hashimoto&#8217;s disease<\/li>\n<li>Skin diseases: acne, psoriasis, AD<\/li>\n<li>rheumatoid arthritis, arthralgia<\/li>\n<li>menopausal symptoms<\/li>\n<li>libido disorder<\/li>\n<li>osteoporosis<\/li>\n<li>coronary disease and hypertension<\/li>\n<li>sleep disorder<\/li>\n<li>colitis, celiac disease, Crohn&#8217;s disease<\/li>\n<li>migraine<\/li>\n<li>digestive disorders, stomach ailments, biliary disorders<\/li>\n<li>allergies and intolerances<\/li>\n<li>depression<\/li>\n<\/ul>\n<p>The effects of diet therapy supporting the treatment of the aforementioned conditions, with the use of metabolic balance\u00ae plans, are really good and supported by clinical studies. Many illnesses are completely or significantly prevented. Often, the patient&#8217;s condition is improved to such extent that it is possible for the physician to withdraw medication or reduce their dosage. The cases of PCOS and hormonal infertility often result in a natural, healthy pregnancy.<\/p>\n<div id=\"zastosowanie-planu-mb\" class=\"js-hidden\">\n<h2>How the metabolic balance\u00ae plan is applied<\/h2>\n<p>Each metabolic balance\u00ae plan is prepared individually by the medical team at the Isen Institute, based on detailed interviews and analysis of 36 blood tests parameters presenting: the work of the liver, kidneys, pancreas, thyroid; lipid balance, sugar values, acidification of the body, microelements, as well as the occurrence of possible inflammatory processes.<\/p>\n<p>The choice of food products does not follow the calculation of their caloric value, fat, protein or carbohydrate content. Foods selection is solely determined by their influence on your body. This stimulates healthy metabolism, insulin secretion, and hormonal regulation.<\/p>\n<p>In the <strong>first two-day phase<\/strong>, we prepare our body for the following change in dietary habits. Then, during\u00a0the <strong>strict phase<\/strong> the body changes to a new, healthy way of nutrition. Big positive changes in the well-being appear quickly. For patients who do not want to lose weight &#8211; this phase lasts 14 days; patients who wish to lose weight &#8211; this phase lasts till you reach the target weight.<\/p>\n<p>In the next\u00a0<strong>phases &#8211; mild and maintenance<\/strong> &#8211; we carefully test food that was previously excluded. This way, by observing weight and well-being, you find an optimal, perfectly matching style of nutrition. The achieved success is strengthened by further adhering to already adopted basic principles of nutrition and physical activity.<\/p>\n<div class=\"metabolic-balance\">Additional information about metabolic balance:<br \/>\n<a href=\"https:\/\/int.metabolic-balance.com\/\" target=\"_blank\" rel=\"noopener\"><img loading=\"lazy\" decoding=\"async\" class=\"no-shadow alignnone wp-image-92 size-full\" src=\"https:\/\/drpaluchowska.pl\/wp-content\/uploads\/2014\/10\/metabolic-balance.png\" alt=\"metabolic balance\" width=\"199\" height=\"56\" \/><\/a><\/p>\n<p>patients\u2019 opinion:<br \/>\n<a href=\"http:\/\/www.znanylekarz.pl\/pawel-nawrot2\/dietetyk\/katowice\" target=\"_blank\" rel=\"noopener\"><img loading=\"lazy\" decoding=\"async\" class=\"no-shadow alignnone wp-image-67 size-full\" src=\"https:\/\/drpaluchowska.pl\/wp-content\/uploads\/2014\/09\/znanylekarz.png\" alt=\"znanylekarz.pl\" width=\"184\" height=\"27\" \/><\/a><\/div>\n<\/div>\n<div class=\"js-button\" data-text=\"additional information about metabolic balance\" data-for=\"zastosowanie-planu-mb\"><\/div>\n","protected":false},"excerpt":{"rendered":"<p>It is intended for patients suffering from diseases\/conditions and complaints, which in a significant way, can be affected by the diet. These include: overweight, obesity Type II diabetes Polycystic ovary syndrome infertility associated with hormonal imbalance insulin resistance Thyroid disease: hyperactivity, hypothyroidism, Hashimoto&#8217;s disease Skin diseases: acne, psoriasis, AD rheumatoid arthritis, arthralgia menopausal symptoms libido [&hellip;]<\/p>\n","protected":false},"author":3,"featured_media":0,"parent":0,"menu_order":0,"comment_status":"closed","ping_status":"closed","template":"","meta":{"footnotes":""},"class_list":["post-286","page","type-page","status-publish","hentry"],"yoast_head":"<!-- This site is optimized with the Yoast SEO plugin v27.3 - https:\/\/yoast.com\/product\/yoast-seo-wordpress\/ -->\n<title>clinical dietetics - dr Olga Paluchowska dietetyk kliniczny Warszawa i online<\/title>\n<meta name=\"description\" content=\"dr Olga Paluchowska dietetyk kliniczny Warszawa i onlineWiedza, 15 lat do\u015bwiadczenia, najnowsze rozwi\u0105zania - odchudzanie i powr\u00f3t do zdrowia naprawd\u0119 mog\u0105 by\u0107 proste!\" \/>\n<meta name=\"robots\" content=\"index, follow, max-snippet:-1, max-image-preview:large, max-video-preview:-1\" \/>\n<link rel=\"canonical\" href=\"https:\/\/drpaluchowska.pl\/en\/clinical-dietetics\/\" \/>\n<meta property=\"og:locale\" content=\"en_US\" \/>\n<meta property=\"og:type\" content=\"article\" \/>\n<meta property=\"og:title\" content=\"clinical dietetics - dr Olga Paluchowska dietetyk kliniczny Warszawa i online\" \/>\n<meta property=\"og:description\" content=\"dr Olga Paluchowska dietetyk kliniczny Warszawa i onlineWiedza, 15 lat do\u015bwiadczenia, najnowsze rozwi\u0105zania - odchudzanie i powr\u00f3t do zdrowia naprawd\u0119 mog\u0105 by\u0107 proste!\" \/>\n<meta property=\"og:url\" content=\"https:\/\/drpaluchowska.pl\/en\/clinical-dietetics\/\" \/>\n<meta property=\"og:site_name\" content=\"dr Olga Paluchowska dietetyk kliniczny Warszawa i online\" \/>\n<meta property=\"article:publisher\" content=\"https:\/\/www.facebook.com\/profile.php?id=100063704205043\" \/>\n<meta property=\"article:modified_time\" content=\"2024-11-08T08:01:31+00:00\" \/>\n<meta property=\"og:image\" content=\"https:\/\/drpaluchowska.pl\/wp-content\/uploads\/2014\/10\/metabolic-balance.png\" \/>\n\t<meta property=\"og:image:width\" content=\"199\" \/>\n\t<meta property=\"og:image:height\" content=\"56\" \/>\n\t<meta property=\"og:image:type\" content=\"image\/png\" \/>\n<meta name=\"twitter:label1\" content=\"Est. reading time\" \/>\n\t<meta name=\"twitter:data1\" content=\"2 minutes\" \/>\n<script type=\"application\/ld+json\" class=\"yoast-schema-graph\">{\"@context\":\"https:\\\/\\\/schema.org\",\"@graph\":[{\"@type\":\"WebPage\",\"@id\":\"https:\\\/\\\/drpaluchowska.pl\\\/en\\\/clinical-dietetics\\\/\",\"url\":\"https:\\\/\\\/drpaluchowska.pl\\\/en\\\/clinical-dietetics\\\/\",\"name\":\"clinical dietetics - dr Olga Paluchowska dietetyk kliniczny Warszawa i online\",\"isPartOf\":{\"@id\":\"https:\\\/\\\/drpaluchowska.pl\\\/en\\\/#website\"},\"primaryImageOfPage\":{\"@id\":\"https:\\\/\\\/drpaluchowska.pl\\\/en\\\/clinical-dietetics\\\/#primaryimage\"},\"image\":{\"@id\":\"https:\\\/\\\/drpaluchowska.pl\\\/en\\\/clinical-dietetics\\\/#primaryimage\"},\"thumbnailUrl\":\"https:\\\/\\\/drpaluchowska.pl\\\/wp-content\\\/uploads\\\/2014\\\/10\\\/metabolic-balance.png\",\"datePublished\":\"2017-09-18T21:21:03+00:00\",\"dateModified\":\"2024-11-08T08:01:31+00:00\",\"description\":\"dr Olga Paluchowska dietetyk kliniczny Warszawa i onlineWiedza, 15 lat do\u015bwiadczenia, najnowsze rozwi\u0105zania - odchudzanie i powr\u00f3t do zdrowia naprawd\u0119 mog\u0105 by\u0107 proste!\",\"breadcrumb\":{\"@id\":\"https:\\\/\\\/drpaluchowska.pl\\\/en\\\/clinical-dietetics\\\/#breadcrumb\"},\"inLanguage\":\"en-US\",\"potentialAction\":[{\"@type\":\"ReadAction\",\"target\":[\"https:\\\/\\\/drpaluchowska.pl\\\/en\\\/clinical-dietetics\\\/\"]}]},{\"@type\":\"ImageObject\",\"inLanguage\":\"en-US\",\"@id\":\"https:\\\/\\\/drpaluchowska.pl\\\/en\\\/clinical-dietetics\\\/#primaryimage\",\"url\":\"https:\\\/\\\/drpaluchowska.pl\\\/wp-content\\\/uploads\\\/2014\\\/10\\\/metabolic-balance.png\",\"contentUrl\":\"https:\\\/\\\/drpaluchowska.pl\\\/wp-content\\\/uploads\\\/2014\\\/10\\\/metabolic-balance.png\"},{\"@type\":\"BreadcrumbList\",\"@id\":\"https:\\\/\\\/drpaluchowska.pl\\\/en\\\/clinical-dietetics\\\/#breadcrumb\",\"itemListElement\":[{\"@type\":\"ListItem\",\"position\":1,\"name\":\"Strona g\u0142\u00f3wna\",\"item\":\"https:\\\/\\\/drpaluchowska.pl\\\/en\\\/\"},{\"@type\":\"ListItem\",\"position\":2,\"name\":\"clinical dietetics\"}]},{\"@type\":\"WebSite\",\"@id\":\"https:\\\/\\\/drpaluchowska.pl\\\/en\\\/#website\",\"url\":\"https:\\\/\\\/drpaluchowska.pl\\\/en\\\/\",\"name\":\"dr Olga Paluchowska dietetyk Kliniczny Warszawa i online\",\"description\":\"Wiedza, 15 lat do\u015bwiadczenia, najnowsze rozwi\u0105zania w odchudzaniu, insulinooporno\u015bci, cukrzycy, SIBO, hipoglikemii, Hashimoto, niedoczynno\u015bci tarczycy, alergiach, migrenach, chorobach \u017co\u0142\u0105dka i jelit.  Odchudzanie i powr\u00f3t do zdrowia naprawd\u0119 mog\u0105 by\u0107 proste!\",\"publisher\":{\"@id\":\"https:\\\/\\\/drpaluchowska.pl\\\/en\\\/#organization\"},\"potentialAction\":[{\"@type\":\"SearchAction\",\"target\":{\"@type\":\"EntryPoint\",\"urlTemplate\":\"https:\\\/\\\/drpaluchowska.pl\\\/en\\\/?s={search_term_string}\"},\"query-input\":{\"@type\":\"PropertyValueSpecification\",\"valueRequired\":true,\"valueName\":\"search_term_string\"}}],\"inLanguage\":\"en-US\"},{\"@type\":\"Organization\",\"@id\":\"https:\\\/\\\/drpaluchowska.pl\\\/en\\\/#organization\",\"name\":\"dr Olga Paluchowska dietetyk Kliniczny Warszawa i online\",\"url\":\"https:\\\/\\\/drpaluchowska.pl\\\/en\\\/\",\"logo\":{\"@type\":\"ImageObject\",\"inLanguage\":\"en-US\",\"@id\":\"https:\\\/\\\/drpaluchowska.pl\\\/en\\\/#\\\/schema\\\/logo\\\/image\\\/\",\"url\":\"https:\\\/\\\/drpaluchowska.pl\\\/wp-content\\\/uploads\\\/2024\\\/03\\\/LOGO-NOWE-KWADRAT.jpg\",\"contentUrl\":\"https:\\\/\\\/drpaluchowska.pl\\\/wp-content\\\/uploads\\\/2024\\\/03\\\/LOGO-NOWE-KWADRAT.jpg\",\"width\":150,\"height\":150,\"caption\":\"dr Olga Paluchowska dietetyk Kliniczny Warszawa i online\"},\"image\":{\"@id\":\"https:\\\/\\\/drpaluchowska.pl\\\/en\\\/#\\\/schema\\\/logo\\\/image\\\/\"},\"sameAs\":[\"https:\\\/\\\/www.facebook.com\\\/profile.php?id=100063704205043\",\"https:\\\/\\\/www.youtube.com\\\/channel\\\/UC-IZxRfA6vXsO4lSEkSkGng\",\"https:\\\/\\\/www.instagram.com\\\/drolgapaluchowska\\\/\",\"https:\\\/\\\/www.znanylekarz.pl\\\/dr-inz-olga-paluchowska\\\/dietetyk\\\/warszawa\",\"https:\\\/\\\/www.linkedin.com\\\/in\\\/dr-in\u017c-olga-paluchowska-017793178\\\/\"]}]}<\/script>\n<!-- \/ Yoast SEO plugin. -->","yoast_head_json":{"title":"clinical dietetics - dr Olga Paluchowska dietetyk kliniczny Warszawa i online","description":"dr Olga Paluchowska dietetyk kliniczny Warszawa i onlineWiedza, 15 lat do\u015bwiadczenia, najnowsze rozwi\u0105zania - odchudzanie i powr\u00f3t do zdrowia naprawd\u0119 mog\u0105 by\u0107 proste!","robots":{"index":"index","follow":"follow","max-snippet":"max-snippet:-1","max-image-preview":"max-image-preview:large","max-video-preview":"max-video-preview:-1"},"canonical":"https:\/\/drpaluchowska.pl\/en\/clinical-dietetics\/","og_locale":"en_US","og_type":"article","og_title":"clinical dietetics - dr Olga Paluchowska dietetyk kliniczny Warszawa i online","og_description":"dr Olga Paluchowska dietetyk kliniczny Warszawa i onlineWiedza, 15 lat do\u015bwiadczenia, najnowsze rozwi\u0105zania - odchudzanie i powr\u00f3t do zdrowia naprawd\u0119 mog\u0105 by\u0107 proste!","og_url":"https:\/\/drpaluchowska.pl\/en\/clinical-dietetics\/","og_site_name":"dr Olga Paluchowska dietetyk kliniczny Warszawa i online","article_publisher":"https:\/\/www.facebook.com\/profile.php?id=100063704205043","article_modified_time":"2024-11-08T08:01:31+00:00","og_image":[{"width":199,"height":56,"url":"https:\/\/drpaluchowska.pl\/wp-content\/uploads\/2014\/10\/metabolic-balance.png","type":"image\/png"}],"twitter_misc":{"Est. reading time":"2 minutes"},"schema":{"@context":"https:\/\/schema.org","@graph":[{"@type":"WebPage","@id":"https:\/\/drpaluchowska.pl\/en\/clinical-dietetics\/","url":"https:\/\/drpaluchowska.pl\/en\/clinical-dietetics\/","name":"clinical dietetics - dr Olga Paluchowska dietetyk kliniczny Warszawa i online","isPartOf":{"@id":"https:\/\/drpaluchowska.pl\/en\/#website"},"primaryImageOfPage":{"@id":"https:\/\/drpaluchowska.pl\/en\/clinical-dietetics\/#primaryimage"},"image":{"@id":"https:\/\/drpaluchowska.pl\/en\/clinical-dietetics\/#primaryimage"},"thumbnailUrl":"https:\/\/drpaluchowska.pl\/wp-content\/uploads\/2014\/10\/metabolic-balance.png","datePublished":"2017-09-18T21:21:03+00:00","dateModified":"2024-11-08T08:01:31+00:00","description":"dr Olga Paluchowska dietetyk kliniczny Warszawa i onlineWiedza, 15 lat do\u015bwiadczenia, najnowsze rozwi\u0105zania - odchudzanie i powr\u00f3t do zdrowia naprawd\u0119 mog\u0105 by\u0107 proste!","breadcrumb":{"@id":"https:\/\/drpaluchowska.pl\/en\/clinical-dietetics\/#breadcrumb"},"inLanguage":"en-US","potentialAction":[{"@type":"ReadAction","target":["https:\/\/drpaluchowska.pl\/en\/clinical-dietetics\/"]}]},{"@type":"ImageObject","inLanguage":"en-US","@id":"https:\/\/drpaluchowska.pl\/en\/clinical-dietetics\/#primaryimage","url":"https:\/\/drpaluchowska.pl\/wp-content\/uploads\/2014\/10\/metabolic-balance.png","contentUrl":"https:\/\/drpaluchowska.pl\/wp-content\/uploads\/2014\/10\/metabolic-balance.png"},{"@type":"BreadcrumbList","@id":"https:\/\/drpaluchowska.pl\/en\/clinical-dietetics\/#breadcrumb","itemListElement":[{"@type":"ListItem","position":1,"name":"Strona g\u0142\u00f3wna","item":"https:\/\/drpaluchowska.pl\/en\/"},{"@type":"ListItem","position":2,"name":"clinical dietetics"}]},{"@type":"WebSite","@id":"https:\/\/drpaluchowska.pl\/en\/#website","url":"https:\/\/drpaluchowska.pl\/en\/","name":"dr Olga Paluchowska dietetyk Kliniczny Warszawa i online","description":"Wiedza, 15 lat do\u015bwiadczenia, najnowsze rozwi\u0105zania w odchudzaniu, insulinooporno\u015bci, cukrzycy, SIBO, hipoglikemii, Hashimoto, niedoczynno\u015bci tarczycy, alergiach, migrenach, chorobach \u017co\u0142\u0105dka i jelit.  Odchudzanie i powr\u00f3t do zdrowia naprawd\u0119 mog\u0105 by\u0107 proste!","publisher":{"@id":"https:\/\/drpaluchowska.pl\/en\/#organization"},"potentialAction":[{"@type":"SearchAction","target":{"@type":"EntryPoint","urlTemplate":"https:\/\/drpaluchowska.pl\/en\/?s={search_term_string}"},"query-input":{"@type":"PropertyValueSpecification","valueRequired":true,"valueName":"search_term_string"}}],"inLanguage":"en-US"},{"@type":"Organization","@id":"https:\/\/drpaluchowska.pl\/en\/#organization","name":"dr Olga Paluchowska dietetyk Kliniczny Warszawa i online","url":"https:\/\/drpaluchowska.pl\/en\/","logo":{"@type":"ImageObject","inLanguage":"en-US","@id":"https:\/\/drpaluchowska.pl\/en\/#\/schema\/logo\/image\/","url":"https:\/\/drpaluchowska.pl\/wp-content\/uploads\/2024\/03\/LOGO-NOWE-KWADRAT.jpg","contentUrl":"https:\/\/drpaluchowska.pl\/wp-content\/uploads\/2024\/03\/LOGO-NOWE-KWADRAT.jpg","width":150,"height":150,"caption":"dr Olga Paluchowska dietetyk Kliniczny Warszawa i online"},"image":{"@id":"https:\/\/drpaluchowska.pl\/en\/#\/schema\/logo\/image\/"},"sameAs":["https:\/\/www.facebook.com\/profile.php?id=100063704205043","https:\/\/www.youtube.com\/channel\/UC-IZxRfA6vXsO4lSEkSkGng","https:\/\/www.instagram.com\/drolgapaluchowska\/","https:\/\/www.znanylekarz.pl\/dr-inz-olga-paluchowska\/dietetyk\/warszawa","https:\/\/www.linkedin.com\/in\/dr-in\u017c-olga-paluchowska-017793178\/"]}]}},"_links":{"self":[{"href":"https:\/\/drpaluchowska.pl\/en\/wp-json\/wp\/v2\/pages\/286","targetHints":{"allow":["GET"]}}],"collection":[{"href":"https:\/\/drpaluchowska.pl\/en\/wp-json\/wp\/v2\/pages"}],"about":[{"href":"https:\/\/drpaluchowska.pl\/en\/wp-json\/wp\/v2\/types\/page"}],"author":[{"embeddable":true,"href":"https:\/\/drpaluchowska.pl\/en\/wp-json\/wp\/v2\/users\/3"}],"replies":[{"embeddable":true,"href":"https:\/\/drpaluchowska.pl\/en\/wp-json\/wp\/v2\/comments?post=286"}],"version-history":[{"count":4,"href":"https:\/\/drpaluchowska.pl\/en\/wp-json\/wp\/v2\/pages\/286\/revisions"}],"predecessor-version":[{"id":338,"href":"https:\/\/drpaluchowska.pl\/en\/wp-json\/wp\/v2\/pages\/286\/revisions\/338"}],"wp:attachment":[{"href":"https:\/\/drpaluchowska.pl\/en\/wp-json\/wp\/v2\/media?parent=286"}],"curies":[{"name":"wp","href":"https:\/\/api.w.org\/{rel}","templated":true}]}}